{"id":607,"date":"2024-05-24T16:22:39","date_gmt":"2024-05-24T21:22:39","guid":{"rendered":"https:\/\/liubingquintero.com\/?page_id=607"},"modified":"2025-06-20T13:23:02","modified_gmt":"2025-06-20T18:23:02","slug":"ofrendas","status":"publish","type":"page","link":"https:\/\/liubingquintero.com\/index.php\/ofrendas\/","title":{"rendered":"OfrendasApoyo Financiero"},"content":{"rendered":"\n<p><\/p>\n\n\n\n<div style=\"height:70px\" aria-hidden=\"true\" class=\"wp-block-spacer\"><\/div>\n\n\n\n<p><\/p>\n\n\n\n<div class=\"wp-block-uagb-advanced-heading uagb-block-d3e9a453\"><h2 class=\"uagb-heading-text\">Apoyo Financiero<\/h2><\/div>\n\n\n\n<p><\/p>\n\n\n\n<p class=\"justificado has-medium-font-size\"><strong>Tu apoyo financiero es fundamental para continuar con nuestra misi\u00f3n de llevar esperanza, amor y la Palabra del Eterno Dios a todas las comunidades que lo necesitan. Cada donaci\u00f3n, sin importar su tama\u00f1o, tiene un impacto profundo en las vidas de muchas personas.<\/strong><\/p>\n\n\n\n<div class=\"wp-block-uagb-separator uagb-block-29f08ff7\"><div class=\"wp-block-uagb-separator__inner\" style=\"--my-background-image:\"><\/div><\/div>\n\n\n\n<p><\/p>\n\n\n\n<p class=\"has-text-align-center has-medium-font-size\">Si estas en <strong>Colombia<\/strong> puedes realizar tus diezmos, ofrendas y donativos escaneando el siguiente codigo QR de Bancolombia<\/p>\n\n\n\n<div class=\"wp-block-uagb-container uagb-block-c7f0d921 alignfull uagb-is-root-container\"><div class=\"uagb-container-inner-blocks-wrap\">\n<div class=\"wp-block-uagb-container uagb-block-8711df34\">\n<div class=\"wp-block-uagb-image uagb-block-44a85627 wp-block-uagb-image--layout-default wp-block-uagb-image--effect-static wp-block-uagb-image--align-none\"><figure class=\"wp-block-uagb-image__figure\"><img decoding=\"async\" srcset=\"https:\/\/liubingquintero.com\/wp-content\/uploads\/2024\/05\/colombia.jpg ,https:\/\/liubingquintero.com\/wp-content\/uploads\/2024\/05\/colombia.jpg 780w, https:\/\/liubingquintero.com\/wp-content\/uploads\/2024\/05\/colombia.jpg 360w\" sizes=\"auto, (max-width: 480px) 150px\" src=\"https:\/\/liubingquintero.com\/wp-content\/uploads\/2024\/05\/colombia.jpg\" alt=\"\" class=\"uag-image-610\" width=\"736\" height=\"410\" title=\"colombia\" loading=\"lazy\" role=\"img\"\/><\/figure><\/div>\n<\/div>\n\n\n\n<div class=\"wp-block-uagb-container uagb-block-d8e0e275\">\n<div class=\"wp-block-uagb-image aligncenter uagb-block-5b0c4ac5 wp-block-uagb-image--layout-default wp-block-uagb-image--effect-static wp-block-uagb-image--align-center\"><figure class=\"wp-block-uagb-image__figure\"><img decoding=\"async\" srcset=\"https:\/\/liubingquintero.com\/wp-content\/uploads\/2024\/05\/WhatsApp-Image-2024-05-24-at-4.45.34-PM-300x300.jpeg ,https:\/\/liubingquintero.com\/wp-content\/uploads\/2024\/05\/WhatsApp-Image-2024-05-24-at-4.45.34-PM.jpeg 780w, https:\/\/liubingquintero.com\/wp-content\/uploads\/2024\/05\/WhatsApp-Image-2024-05-24-at-4.45.34-PM.jpeg 360w\" sizes=\"auto, (max-width: 480px) 150px\" src=\"https:\/\/liubingquintero.com\/wp-content\/uploads\/2024\/05\/WhatsApp-Image-2024-05-24-at-4.45.34-PM-300x300.jpeg\" alt=\"\" class=\"uag-image-611\" width=\"203\" height=\"203\" title=\"WhatsApp-Image-2024-05-24-at-4.45.34-PM\" loading=\"lazy\" role=\"img\"\/><\/figure><\/div>\n<\/div>\n<\/div><\/div>\n\n\n\n<p><\/p>\n\n\n\n<p class=\"has-text-align-center has-medium-font-size\">Cuenta de ahorros de Bancolombia # 141-000020-99 a nombre de Liubing Quintero.<\/p>\n\n\n\n<p class=\"has-text-align-center has-x-large-font-size\"><strong>Cuenta Nequi <\/strong><\/p>\n\n\n\n<p class=\"has-text-align-center has-large-font-size\"><strong>3148304457<\/strong><\/p>\n\n\n\n<div class=\"wp-block-uagb-separator uagb-block-9e349348\"><div class=\"wp-block-uagb-separator__inner\" style=\"--my-background-image:\"><\/div><\/div>\n\n\n\n<p><\/p>\n\n\n\n<p class=\"has-text-align-center justificado has-medium-font-size\">Si estas en <strong>Venezuela<\/strong> puedes realizar tus diezmos, ofrendas y donativos escaneando el siguiente codigo QR del Banco de Venezuela<\/p>\n\n\n\n<div class=\"wp-block-uagb-container uagb-block-9bc3c262 alignfull uagb-is-root-container\"><div class=\"uagb-container-inner-blocks-wrap\">\n<div class=\"wp-block-uagb-container uagb-block-8b086167\">\n<div class=\"wp-block-uagb-image aligncenter uagb-block-c45fd276 wp-block-uagb-image--layout-default wp-block-uagb-image--effect-static wp-block-uagb-image--align-center\"><figure class=\"wp-block-uagb-image__figure\"><img decoding=\"async\" srcset=\"https:\/\/liubingquintero.com\/wp-content\/uploads\/2024\/05\/pngtree-venezuela-flag-with-waving-brush-stroke-clipart-hd-images-png-image_6537731.png ,https:\/\/liubingquintero.com\/wp-content\/uploads\/2024\/05\/pngtree-venezuela-flag-with-waving-brush-stroke-clipart-hd-images-png-image_6537731.png 780w, https:\/\/liubingquintero.com\/wp-content\/uploads\/2024\/05\/pngtree-venezuela-flag-with-waving-brush-stroke-clipart-hd-images-png-image_6537731.png 360w\" sizes=\"auto, (max-width: 480px) 150px\" src=\"https:\/\/liubingquintero.com\/wp-content\/uploads\/2024\/05\/pngtree-venezuela-flag-with-waving-brush-stroke-clipart-hd-images-png-image_6537731.png\" alt=\"\" class=\"uag-image-620\" width=\"360\" height=\"360\" title=\"pngtree-venezuela-flag-with-waving-brush-stroke-clipart-hd-images-png-image_6537731\" loading=\"lazy\" role=\"img\"\/><\/figure><\/div>\n<\/div>\n\n\n\n<div class=\"wp-block-uagb-container uagb-block-cbb8be14\">\n<div class=\"wp-block-uagb-image aligncenter uagb-block-c4c9b64b wp-block-uagb-image--layout-default wp-block-uagb-image--effect-static wp-block-uagb-image--align-center\"><figure class=\"wp-block-uagb-image__figure\"><img decoding=\"async\" srcset=\"https:\/\/liubingquintero.com\/wp-content\/uploads\/2024\/05\/WhatsApp-Image-2024-05-24-at-5.00.48-PM-268x300.jpeg ,https:\/\/liubingquintero.com\/wp-content\/uploads\/2024\/05\/WhatsApp-Image-2024-05-24-at-5.00.48-PM.jpeg 780w, https:\/\/liubingquintero.com\/wp-content\/uploads\/2024\/05\/WhatsApp-Image-2024-05-24-at-5.00.48-PM.jpeg 360w\" sizes=\"auto, (max-width: 480px) 150px\" src=\"https:\/\/liubingquintero.com\/wp-content\/uploads\/2024\/05\/WhatsApp-Image-2024-05-24-at-5.00.48-PM-268x300.jpeg\" alt=\"\" class=\"uag-image-621\" width=\"268\" height=\"300\" title=\"WhatsApp-Image-2024-05-24-at-5.00.48-PM\" loading=\"lazy\" role=\"img\"\/><\/figure><\/div>\n<\/div>\n<\/div><\/div>\n\n\n\n<p class=\"has-text-align-center has-medium-font-size\">Cuenta Corriente del Banco de Venezuela  # 0102-0160-810000302452 a nombre de Liubing Quintero C.I: 11296820.<\/p>\n\n\n\n<div class=\"wp-block-uagb-separator uagb-block-55d38ed7\"><div class=\"wp-block-uagb-separator__inner\" style=\"--my-background-image:\"><\/div><\/div>\n\n\n\n<p><\/p>\n\n\n\n<p class=\"has-text-align-center justificado has-medium-font-size\"><strong>Para Giros Internacionales<\/strong><\/p>\n\n\n\n<div class=\"wp-block-uagb-container uagb-block-34288a94 alignfull uagb-is-root-container\"><div class=\"uagb-container-inner-blocks-wrap\">\n<div class=\"wp-block-uagb-container uagb-block-47a87e7a\">\n<div class=\"wp-block-uagb-info-box uagb-block-6a8d34da uagb-infobox__content-wrap  uagb-infobox-icon-above-title uagb-infobox-image-valign-top\"><div class=\"uagb-ifb-content\"><div class=\"uagb-ifb-image-content\"><img decoding=\"async\" src=\"https:\/\/liubingquintero.com\/wp-content\/uploads\/2024\/05\/Western-Union-logo-old-300x132.png\" alt=\"\" width=\"\" height=\"0\" loading=\"lazy\"\/><\/div><div class=\"uagb-ifb-title-wrap\"><h3 class=\"uagb-ifb-title\">Datos para Giros<\/h3><\/div><p class=\"uagb-ifb-desc\">Liubing Enrique Quintero Parra<br>Documento de Identidad: PPT 1057730.<br>Telf.: +573148304457.<br>Soacha-Cundinamarca.<br><\/p><\/div><\/div>\n<\/div>\n\n\n\n<div class=\"wp-block-uagb-container uagb-block-ce22849c\">\n<div class=\"wp-block-uagb-info-box uagb-block-1cd3e76b uagb-infobox__content-wrap  uagb-infobox-icon-above-title uagb-infobox-image-valign-top\"><div class=\"uagb-ifb-content\"><div class=\"uagb-ifb-image-content\"><img decoding=\"async\" src=\"https:\/\/liubingquintero.com\/wp-content\/uploads\/2024\/05\/PayPal.2-300x79.webp\" alt=\"\" width=\"\" height=\"0\" loading=\"lazy\"\/><\/div><div class=\"uagb-ifb-title-wrap\"><h3 class=\"uagb-ifb-title\">Informaci\u00f3n<\/h3><\/div><p class=\"uagb-ifb-desc\">Liubing Quimtero<br>quinteroliubing@gmail.com<\/p><\/div><\/div>\n<\/div>\n<\/div><\/div>\n\n\n\n<p><\/p>\n\n\n\n<p><\/p>\n\n\n\n<p class=\"has-text-align-center has-medium-font-size\">Tus aportes son fundamentales para el desarrollo del ministerio y la extensi\u00f3n del Reino de Dios, al realizarlo env\u00eda soporte al n\u00famero de WhatsApp +573148304457<\/p>\n\n\n\n<p><\/p>\n\n\n\n<p><\/p>\n\n\n\n<p><\/p>\n","protected":false},"excerpt":{"rendered":"<p>Apoyo Financiero Tu apoyo financiero es fundamental para continuar con nuestra misi\u00f3n de llevar esperanza, amor y la Palabra del [&hellip;]<\/p>\n","protected":false},"author":1,"featured_media":0,"parent":0,"menu_order":0,"comment_status":"closed","ping_status":"closed","template":"","meta":{"_uag_custom_page_level_css":"","site-sidebar-layout":"default","site-content-layout":"","ast-site-content-layout":"default","site-content-style":"default","site-sidebar-style":"default","ast-global-header-display":"","ast-banner-title-visibility":"","ast-main-header-display":"","ast-hfb-above-header-display":"","ast-hfb-below-header-display":"","ast-hfb-mobile-header-display":"","site-post-title":"disabled","ast-breadcrumbs-content":"","ast-featured-img":"","footer-sml-layout":"","ast-disable-related-posts":"","theme-transparent-header-meta":"","adv-header-id-meta":"","stick-header-meta":"","header-above-stick-meta":"","header-main-stick-meta":"","header-below-stick-meta":"","astra-migrate-meta-layouts":"default","ast-page-background-enabled":"default","ast-page-background-meta":{"desktop":{"background-color":"var(--ast-global-color-4)","background-image":"","background-repeat":"repeat","background-position":"center center","background-size":"auto","background-attachment":"scroll","background-type":"","background-media":"","overlay-type":"","overlay-color":"","overlay-opacity":"","overlay-gradient":""},"tablet":{"background-color":"","background-image":"","background-repeat":"repeat","background-position":"center center","background-size":"auto","background-attachment":"scroll","background-type":"","background-media":"","overlay-type":"","overlay-color":"","overlay-opacity":"","overlay-gradient":""},"mobile":{"background-color":"","background-image":"","background-repeat":"repeat","background-position":"center center","background-size":"auto","background-attachment":"scroll","background-type":"","background-media":"","overlay-type":"","overlay-color":"","overlay-opacity":"","overlay-gradient":""}},"ast-content-background-meta":{"desktop":{"background-color":"var(--ast-global-color-5)","background-image":"","background-repeat":"repeat","background-position":"center center","background-size":"auto","background-attachment":"scroll","background-type":"","background-media":"","overlay-type":"","overlay-color":"","overlay-opacity":"","overlay-gradient":""},"tablet":{"background-color":"var(--ast-global-color-5)","background-image":"","background-repeat":"repeat","background-position":"center center","background-size":"auto","background-attachment":"scroll","background-type":"","background-media":"","overlay-type":"","overlay-color":"","overlay-opacity":"","overlay-gradient":""},"mobile":{"background-color":"var(--ast-global-color-5)","background-image":"","background-repeat":"repeat","background-position":"center center","background-size":"auto","background-attachment":"scroll","background-type":"","background-media":"","overlay-type":"","overlay-color":"","overlay-opacity":"","overlay-gradient":""}},"_joinchat":[],"footnotes":""},"class_list":["post-607","page","type-page","status-publish","hentry"],"uagb_featured_image_src":{"full":false,"thumbnail":false,"medium":false,"medium_large":false,"large":false,"1536x1536":false,"2048x2048":false},"uagb_author_info":{"display_name":"Ap.LiubingQuintero","author_link":"https:\/\/liubingquintero.com\/author\/ap-liubingquintero\/"},"uagb_comment_info":0,"uagb_excerpt":"Apoyo Financiero Tu apoyo financiero es fundamental para continuar con nuestra misi\u00f3n de llevar esperanza, amor y la Palabra del [&hellip;]","_links":{"self":[{"href":"https:\/\/liubingquintero.com\/index.php\/wp-json\/wp\/v2\/pages\/607","targetHints":{"allow":["GET"]}}],"collection":[{"href":"https:\/\/liubingquintero.com\/index.php\/wp-json\/wp\/v2\/pages"}],"about":[{"href":"https:\/\/liubingquintero.com\/index.php\/wp-json\/wp\/v2\/types\/page"}],"author":[{"embeddable":true,"href":"https:\/\/liubingquintero.com\/index.php\/wp-json\/wp\/v2\/users\/1"}],"replies":[{"embeddable":true,"href":"https:\/\/liubingquintero.com\/index.php\/wp-json\/wp\/v2\/comments?post=607"}],"version-history":[{"count":45,"href":"https:\/\/liubingquintero.com\/index.php\/wp-json\/wp\/v2\/pages\/607\/revisions"}],"predecessor-version":[{"id":853,"href":"https:\/\/liubingquintero.com\/index.php\/wp-json\/wp\/v2\/pages\/607\/revisions\/853"}],"wp:attachment":[{"href":"https:\/\/liubingquintero.com\/index.php\/wp-json\/wp\/v2\/media?parent=607"}],"curies":[{"name":"wp","href":"https:\/\/api.w.org\/{rel}","templated":true}]}}