{"id":39,"date":"2024-03-28T17:01:16","date_gmt":"2024-03-28T16:01:16","guid":{"rendered":"https:\/\/liubingquintero.com\/?page_id=39"},"modified":"2025-09-24T12:10:18","modified_gmt":"2025-09-24T17:10:18","slug":"consultoria","status":"publish","type":"page","link":"https:\/\/liubingquintero.com\/index.php\/consultoria\/","title":{"rendered":"Consultoria Ministerial"},"content":{"rendered":"\n<div class=\"wp-block-uagb-advanced-heading uagb-block-214796e2\"><h2 class=\"uagb-heading-text\"><strong>Consultor\u00eda Ministerial<\/strong><\/h2><\/div>\n\n\n\n<p class=\"has-text-align-left justificado has-medium-font-size\">Nuestro servicio de consultor\u00eda ministerial, est\u00e1 dise\u00f1ado para fortalecer y enriquecer tu labor pastoral y ministerial. Ofrecemos un acompa\u00f1amiento personalizado que te ayudar\u00e1 a alcanzar nuevos niveles de efectividad y crecimiento en tu llamado.<\/p>\n\n\n\n<p class=\"has-text-align-left justificado has-medium-font-size\">Aplicando <a href=\"https:\/\/liubingquintero.com\/index.php\/biografia-2\/\" target=\"_blank\" data-type=\"link\" data-id=\"https:\/\/liubingquintero.com\/index.php\/biografia-2\/\" rel=\"noreferrer noopener\">experiencia ministerial<\/a> en liderazgo pastoral y un profundo conocimiento de las Escrituras, nos comprometemos a brindarte orientaci\u00f3n s\u00f3lida y fundamentada en principios b\u00edblicos. Nuestra consultor\u00eda abarca una amplia gama de servicios, desde la planificaci\u00f3n estrat\u00e9gica hasta el desarrollo de liderazgo y la implementaci\u00f3n de programas de discipulado efectivo.<\/p>\n\n\n\n<p class=\"has-text-align-left justificado has-medium-font-size\">Lo que nos distingue es nuestro enfoque personalizado centrado en las necesidades espec\u00edficas de cada ministerio a trav\u00e9s de consultas personalizadas. Ya sea que se trate de establecer programas de disciplinado m\u00e1s efectivos, mejorar la comunicaci\u00f3n interna o desarrollar estrategias de alcance comunitario, el enfoque personalizado de la consultor\u00eda asegura que cada ministerio reciba la atenci\u00f3n y orientaci\u00f3n necesarias para alcanzar sus objetivos. Nos dedicamos a comprender las necesidades \u00fanicas de tu ministerio y trabajamos contigo para dise\u00f1ar estrategias adaptadas que promuevan el crecimiento espiritual y la expansi\u00f3n del mensaje del Evangelio en tu comunidad. Adem\u00e1s, nuestra perspectiva global, enriquecida por experiencias transculturales, te ofrece una comprensi\u00f3n m\u00e1s amplia y enriquecedora del ministerio en un mundo diverso y cambiante.<\/p>\n\n\n\n<p class=\"has-text-align-left justificado has-medium-font-size\">Nuestro objetivo es empoderarte para que puedas llevar tu ministerio al siguiente nivel. \u00danete a la comunidad ministerial que han experimentado un crecimiento transformador gracias a la consultor\u00eda ministerial del Ap\u00f3stol Liubing Quintero. \u00a1Empieza tu viaje hacia un ministerio m\u00e1s vibrante, efectivo y relevante hoy mismo! No esperes m\u00e1s para dar el paso hacia el desarrollo y el impacto duradero en tu ministerio. Estamos aqu\u00ed para apoyarte en cada paso del camino, proporcion\u00e1ndote las herramientas y el conocimiento que necesitas para cumplir la misi\u00f3n que Dios te ha encomendado. \u00a1Juntos, podemos hacer una diferencia significativa en el mundo para la gloria de Dios! Independientemente del tama\u00f1o o la ubicaci\u00f3n de tu ministerio, estamos aqu\u00ed para ayudarte a alcanzar nuevos niveles de efectividad e impacto en tu misi\u00f3n de difundir el amor y la verdad del Evangelio. \u00danete a nosotros en este viaje hacia un ministerio m\u00e1s fuerte, vibrante y relevante hoy mismo.<\/p>\n\n\n\n<div class=\"wp-block-uagb-container uagb-block-0b17e7e8 alignfull uagb-is-root-container\"><div class=\"uagb-container-inner-blocks-wrap\">\n<div class=\"wp-block-uagb-container justificado uagb-block-f8ae6252\">\n<div class=\"wp-block-uagb-info-box uagb-block-226d6cd2 uagb-infobox__content-wrap  uagb-infobox-icon-above-title uagb-infobox-image-valign-top\"><div class=\"uagb-ifb-content\"><div class=\"uagb-ifb-icon-wrap\"><svg xmlns=\"https:\/\/www.w3.org\/2000\/svg\" viewBox=\"0 0 512 512\"><path d=\"M0 256C0 114.6 114.6 0 256 0C397.4 0 512 114.6 512 256C512 397.4 397.4 512 256 512C114.6 512 0 397.4 0 256zM371.8 211.8C382.7 200.9 382.7 183.1 371.8 172.2C360.9 161.3 343.1 161.3 332.2 172.2L224 280.4L179.8 236.2C168.9 225.3 151.1 225.3 140.2 236.2C129.3 247.1 129.3 264.9 140.2 275.8L204.2 339.8C215.1 350.7 232.9 350.7 243.8 339.8L371.8 211.8z\"><\/path><\/svg><\/div><div class=\"uagb-ifb-title-wrap\"><h3 class=\"uagb-ifb-title\">Te ayudamos con soluciones efectivas.<\/h3><\/div><p class=\"uagb-ifb-desc\">Contamos con un equipo multidisciplinario dispueto a ayudarte en todas las areas ministeriales sin compromisos doctrinales ni de intervenci\u00f3n en la linea de autoridad eclesiastica.<\/p><\/div><\/div>\n\n\n\n<div class=\"wp-block-uagb-icon-list uagb-block-1887bfde\"><div class=\"uagb-icon-list__wrap\">\n<div class=\"wp-block-uagb-icon-list-child uagb-block-426436d2\"><span class=\"uagb-icon-list__source-wrap\"><svg xmlns=\"https:\/\/www.w3.org\/2000\/svg\" viewBox=\"0 0 512 512\"><path d=\"M256 0C114.6 0 0 114.6 0 256c0 141.4 114.6 256 256 256s256-114.6 256-256C512 114.6 397.4 0 256 0zM406.6 278.6l-103.1 103.1c-12.5 12.5-32.75 12.5-45.25 0s-12.5-32.75 0-45.25L306.8 288H128C110.3 288 96 273.7 96 256s14.31-32 32-32h178.8l-49.38-49.38c-12.5-12.5-12.5-32.75 0-45.25s32.75-12.5 45.25 0l103.1 103.1C414.6 241.3 416 251.1 416 256C416 260.9 414.6 270.7 406.6 278.6z\"><\/path><\/svg><\/span><span class=\"uagb-icon-list__label\">Asesor\u00eda privada (1 hora).<\/span><\/div>\n\n\n\n<div class=\"wp-block-uagb-icon-list-child uagb-block-6f558d54\"><span class=\"uagb-icon-list__source-wrap\"><svg xmlns=\"https:\/\/www.w3.org\/2000\/svg\" viewBox=\"0 0 512 512\"><path d=\"M256 0C114.6 0 0 114.6 0 256c0 141.4 114.6 256 256 256s256-114.6 256-256C512 114.6 397.4 0 256 0zM406.6 278.6l-103.1 103.1c-12.5 12.5-32.75 12.5-45.25 0s-12.5-32.75 0-45.25L306.8 288H128C110.3 288 96 273.7 96 256s14.31-32 32-32h178.8l-49.38-49.38c-12.5-12.5-12.5-32.75 0-45.25s32.75-12.5 45.25 0l103.1 103.1C414.6 241.3 416 251.1 416 256C416 260.9 414.6 270.7 406.6 278.6z\"><\/path><\/svg><\/span><span class=\"uagb-icon-list__label\">Online en vivo (Zoom o Meet).<\/span><\/div>\n\n\n\n<div class=\"wp-block-uagb-icon-list-child uagb-block-480e5f48\"><span class=\"uagb-icon-list__source-wrap\"><svg xmlns=\"https:\/\/www.w3.org\/2000\/svg\" viewBox=\"0 0 512 512\"><path d=\"M256 0C114.6 0 0 114.6 0 256c0 141.4 114.6 256 256 256s256-114.6 256-256C512 114.6 397.4 0 256 0zM406.6 278.6l-103.1 103.1c-12.5 12.5-32.75 12.5-45.25 0s-12.5-32.75 0-45.25L306.8 288H128C110.3 288 96 273.7 96 256s14.31-32 32-32h178.8l-49.38-49.38c-12.5-12.5-12.5-32.75 0-45.25s32.75-12.5 45.25 0l103.1 103.1C414.6 241.3 416 251.1 416 256C416 260.9 414.6 270.7 406.6 278.6z\"><\/path><\/svg><\/span><span class=\"uagb-icon-list__label\">Visitas a convenir (nos adaptamos a tu tiempo).<\/span><\/div>\n<\/div><\/div>\n<\/div>\n\n\n\n<div class=\"wp-block-uagb-container justificado uagb-block-4180c3d3\">\n<div class=\"wp-block-uagb-info-box uagb-block-375ce4cf uagb-infobox__content-wrap  uagb-infobox-icon-above-title uagb-infobox-image-valign-top\"><div class=\"uagb-ifb-content\"><div class=\"uagb-ifb-icon-wrap\"><svg xmlns=\"https:\/\/www.w3.org\/2000\/svg\" viewBox=\"0 0 512 512\"><path d=\"M0 256C0 114.6 114.6 0 256 0C397.4 0 512 114.6 512 256C512 397.4 397.4 512 256 512C114.6 512 0 397.4 0 256zM371.8 211.8C382.7 200.9 382.7 183.1 371.8 172.2C360.9 161.3 343.1 161.3 332.2 172.2L224 280.4L179.8 236.2C168.9 225.3 151.1 225.3 140.2 236.2C129.3 247.1 129.3 264.9 140.2 275.8L204.2 339.8C215.1 350.7 232.9 350.7 243.8 339.8L371.8 211.8z\"><\/path><\/svg><\/div><div class=\"uagb-ifb-title-wrap\"><h3 class=\"uagb-ifb-title\">Nuestra propuesta.<\/h3><\/div><p class=\"uagb-ifb-desc\">Nos reuniremos de forma online o presencial para dar respuesta y soluci\u00f3n a las consultas o dificultades que tengas en temas como:&nbsp;<\/p><\/div><\/div>\n\n\n\n<div class=\"wp-block-uagb-icon-list uagb-block-9a229eb2\"><div class=\"uagb-icon-list__wrap\">\n<div class=\"wp-block-uagb-icon-list-child uagb-block-95477a25\"><span class=\"uagb-icon-list__source-wrap\"><svg xmlns=\"https:\/\/www.w3.org\/2000\/svg\" viewBox=\"0 0 512 512\"><path d=\"M256 0C114.6 0 0 114.6 0 256c0 141.4 114.6 256 256 256s256-114.6 256-256C512 114.6 397.4 0 256 0zM406.6 278.6l-103.1 103.1c-12.5 12.5-32.75 12.5-45.25 0s-12.5-32.75 0-45.25L306.8 288H128C110.3 288 96 273.7 96 256s14.31-32 32-32h178.8l-49.38-49.38c-12.5-12.5-12.5-32.75 0-45.25s32.75-12.5 45.25 0l103.1 103.1C414.6 241.3 416 251.1 416 256C416 260.9 414.6 270.7 406.6 278.6z\"><\/path><\/svg><\/span><span class=\"uagb-icon-list__label\">Crecimiento y desarrollo basado en el discipulado Biblico.<\/span><\/div>\n\n\n\n<div class=\"wp-block-uagb-icon-list-child uagb-block-1018dab2\"><span class=\"uagb-icon-list__source-wrap\"><svg xmlns=\"https:\/\/www.w3.org\/2000\/svg\" viewBox=\"0 0 512 512\"><path d=\"M256 0C114.6 0 0 114.6 0 256c0 141.4 114.6 256 256 256s256-114.6 256-256C512 114.6 397.4 0 256 0zM406.6 278.6l-103.1 103.1c-12.5 12.5-32.75 12.5-45.25 0s-12.5-32.75 0-45.25L306.8 288H128C110.3 288 96 273.7 96 256s14.31-32 32-32h178.8l-49.38-49.38c-12.5-12.5-12.5-32.75 0-45.25s32.75-12.5 45.25 0l103.1 103.1C414.6 241.3 416 251.1 416 256C416 260.9 414.6 270.7 406.6 278.6z\"><\/path><\/svg><\/span><span class=\"uagb-icon-list__label\">Establecimiento de ministerios.<\/span><\/div>\n\n\n\n<div class=\"wp-block-uagb-icon-list-child uagb-block-8da4e75e\"><span class=\"uagb-icon-list__source-wrap\"><svg xmlns=\"https:\/\/www.w3.org\/2000\/svg\" viewBox=\"0 0 512 512\"><path d=\"M256 0C114.6 0 0 114.6 0 256c0 141.4 114.6 256 256 256s256-114.6 256-256C512 114.6 397.4 0 256 0zM406.6 278.6l-103.1 103.1c-12.5 12.5-32.75 12.5-45.25 0s-12.5-32.75 0-45.25L306.8 288H128C110.3 288 96 273.7 96 256s14.31-32 32-32h178.8l-49.38-49.38c-12.5-12.5-12.5-32.75 0-45.25s32.75-12.5 45.25 0l103.1 103.1C414.6 241.3 416 251.1 416 256C416 260.9 414.6 270.7 406.6 278.6z\"><\/path><\/svg><\/span><span class=\"uagb-icon-list__label\">Capacitaci\u00f3n en la formaci\u00f3n de escuelas para lideres y ministros.<\/span><\/div>\n<\/div><\/div>\n<\/div>\n<\/div><\/div>\n\n\n\n<div class=\"wp-block-uagb-buttons uagb-buttons__outer-wrap uagb-btn__default-btn uagb-btn-tablet__default-btn uagb-btn-mobile__default-btn uagb-block-c16e3b02\"><div class=\"uagb-buttons__wrap uagb-buttons-layout-wrap \">\n<div class=\"wp-block-uagb-buttons-child uagb-buttons__outer-wrap uagb-block-dbe52196 wp-block-button\"><div class=\"uagb-button__wrapper\"><a class=\"uagb-buttons-repeater wp-block-button__link\" aria-label=\"\" href=\"https:\/\/liubingquintero.com\/index.php\/contacto\/\" rel=\"follow noopener\" target=\"_blank\" role=\"button\"><div class=\"uagb-button__link\">Cotizar Consultor\u00eda<\/div><\/a><\/div><\/div>\n<\/div><\/div>\n","protected":false},"excerpt":{"rendered":"<p>Consultor\u00eda Ministerial Nuestro servicio de consultor\u00eda ministerial, est\u00e1 dise\u00f1ado para fortalecer y enriquecer tu labor pastoral y ministerial. Ofrecemos un [&hellip;]<\/p>\n","protected":false},"author":1,"featured_media":0,"parent":0,"menu_order":0,"comment_status":"closed","ping_status":"closed","template":"","meta":{"_uag_custom_page_level_css":"","site-sidebar-layout":"default","site-content-layout":"","ast-site-content-layout":"","site-content-style":"default","site-sidebar-style":"default","ast-global-header-display":"","ast-banner-title-visibility":"","ast-main-header-display":"","ast-hfb-above-header-display":"","ast-hfb-below-header-display":"","ast-hfb-mobile-header-display":"","site-post-title":"disabled","ast-breadcrumbs-content":"","ast-featured-img":"","footer-sml-layout":"","ast-disable-related-posts":"","theme-transparent-header-meta":"","adv-header-id-meta":"","stick-header-meta":"","header-above-stick-meta":"","header-main-stick-meta":"","header-below-stick-meta":"","astra-migrate-meta-layouts":"default","ast-page-background-enabled":"default","ast-page-background-meta":{"desktop":{"background-color":"var(--ast-global-color-4)","background-image":"","background-repeat":"repeat","background-position":"center center","background-size":"auto","background-attachment":"scroll","background-type":"","background-media":"","overlay-type":"","overlay-color":"","overlay-gradient":""},"tablet":{"background-color":"","background-image":"","background-repeat":"repeat","background-position":"center center","background-size":"auto","background-attachment":"scroll","background-type":"","background-media":"","overlay-type":"","overlay-color":"","overlay-gradient":""},"mobile":{"background-color":"","background-image":"","background-repeat":"repeat","background-position":"center center","background-size":"auto","background-attachment":"scroll","background-type":"","background-media":"","overlay-type":"","overlay-color":"","overlay-gradient":""}},"ast-content-background-meta":{"desktop":{"background-color":"var(--ast-global-color-5)","background-image":"","background-repeat":"repeat","background-position":"center center","background-size":"auto","background-attachment":"scroll","background-type":"","background-media":"","overlay-type":"","overlay-color":"","overlay-gradient":""},"tablet":{"background-color":"var(--ast-global-color-5)","background-image":"","background-repeat":"repeat","background-position":"center center","background-size":"auto","background-attachment":"scroll","background-type":"","background-media":"","overlay-type":"","overlay-color":"","overlay-gradient":""},"mobile":{"background-color":"var(--ast-global-color-5)","background-image":"","background-repeat":"repeat","background-position":"center center","background-size":"auto","background-attachment":"scroll","background-type":"","background-media":"","overlay-type":"","overlay-color":"","overlay-gradient":""}},"_joinchat":[],"footnotes":""},"class_list":["post-39","page","type-page","status-publish","hentry"],"uagb_featured_image_src":{"full":false,"thumbnail":false,"medium":false,"medium_large":false,"large":false,"1536x1536":false,"2048x2048":false},"uagb_author_info":{"display_name":"Ap.LiubingQuintero","author_link":"https:\/\/liubingquintero.com\/author\/ap-liubingquintero\/"},"uagb_comment_info":0,"uagb_excerpt":"Consultor\u00eda Ministerial Nuestro servicio de consultor\u00eda ministerial, est\u00e1 dise\u00f1ado para fortalecer y enriquecer tu labor pastoral y ministerial. Ofrecemos un [&hellip;]","_links":{"self":[{"href":"https:\/\/liubingquintero.com\/index.php\/wp-json\/wp\/v2\/pages\/39","targetHints":{"allow":["GET"]}}],"collection":[{"href":"https:\/\/liubingquintero.com\/index.php\/wp-json\/wp\/v2\/pages"}],"about":[{"href":"https:\/\/liubingquintero.com\/index.php\/wp-json\/wp\/v2\/types\/page"}],"author":[{"embeddable":true,"href":"https:\/\/liubingquintero.com\/index.php\/wp-json\/wp\/v2\/users\/1"}],"replies":[{"embeddable":true,"href":"https:\/\/liubingquintero.com\/index.php\/wp-json\/wp\/v2\/comments?post=39"}],"version-history":[{"count":31,"href":"https:\/\/liubingquintero.com\/index.php\/wp-json\/wp\/v2\/pages\/39\/revisions"}],"predecessor-version":[{"id":881,"href":"https:\/\/liubingquintero.com\/index.php\/wp-json\/wp\/v2\/pages\/39\/revisions\/881"}],"wp:attachment":[{"href":"https:\/\/liubingquintero.com\/index.php\/wp-json\/wp\/v2\/media?parent=39"}],"curies":[{"name":"wp","href":"https:\/\/api.w.org\/{rel}","templated":true}]}}