{"id":37,"date":"2024-03-28T17:00:53","date_gmt":"2024-03-28T16:00:53","guid":{"rendered":"https:\/\/liubingquintero.com\/?page_id=37"},"modified":"2025-09-24T12:10:55","modified_gmt":"2025-09-24T17:10:55","slug":"mentoria","status":"publish","type":"page","link":"https:\/\/liubingquintero.com\/index.php\/mentoria\/","title":{"rendered":"Mentoria"},"content":{"rendered":"\n<div class=\"wp-block-uagb-advanced-heading uagb-block-ec7a5eff\"><h1 class=\"uagb-heading-text\"><strong>Mentor\u00eda Especializada<\/strong><\/h1><\/div>\n\n\n\n<p class=\"has-text-align-left justificado has-medium-font-size\">Nuestro servicio de mentor\u00eda ministerial, est\u00e1 dise\u00f1ado para impulsar el ministerio pastoral y el liderazgo en general hacia nuevas alturas de excelencia y efectividad, sin compromisos doctrinales u organizacionales.<\/p>\n\n\n\n<p class=\"has-text-align-left justificado has-medium-font-size\">Nuestra mentor\u00eda ofrece una oportunidad \u00fanica para recibir orientaci\u00f3n personalizada y experta que te ayudar\u00e1 a alcanzar tu m\u00e1ximo potencial en el ministerio.<\/p>\n\n\n\n<p class=\"has-text-align-left justificado has-medium-font-size\">Es importante diferenciar la mentor\u00eda de la consultor\u00eda. Mientras que la consultor\u00eda se centra en proporcionar soluciones y consejos espec\u00edficos para problemas o desaf\u00edos particulares, la mentor\u00eda se enfoca en el desarrollo personal, profesional y ministerial del individuo, brindando orientaci\u00f3n, apoyo y sabidur\u00eda a lo largo de un proceso continuo de crecimiento.<\/p>\n\n\n\n<p class=\"has-text-align-left has-medium-font-size\" id=\"justificado\">Con una s\u00f3lida trayectoria en liderazgo ministerial y en la formaci\u00f3n y desarrollo del ministerio pastoral y un profundo conocimiento de las Escrituras, el Ap\u00f3stol Liubing Quintero, est\u00e1 comprometido a ser tu mentor confiable y gu\u00eda espiritual para lograr el desarrollo en tu llamado ministerial. Nuestra mentor\u00eda abarca una amplia variedad de \u00e1reas, desde la orientaci\u00f3n en el establecimiento y resoluci\u00f3n de conflictos familiares y ministeriales. el desarrollo del liderazgo y la formaci\u00f3n de disc\u00edpulos hasta la gesti\u00f3n de conflictos y la planificaci\u00f3n estrat\u00e9gica.<\/p>\n\n\n\n<p class=\"has-text-align-left justificado has-medium-font-size\">Lo que hace que nuestra mentor\u00eda sea excepcional es nuestro enfoque personalizado y relacional. Nos dedicamos a comprender tus necesidades \u00fanicas, aspiraciones y desaf\u00edos ministeriales, y trabajamos contigo de manera cercana y comprometida para ayudarte a alcanzar tus metas y cumplir tu llamado divino. Adem\u00e1s, la perspectiva global del Ap\u00f3stol Liubing Quintero, enriquecida por sus experiencias transculturales, te ofrece una comprensi\u00f3n m\u00e1s amplia y enriquecedora del ministerio en un mundo diverso y cambiante.<\/p>\n\n\n\n<p class=\"has-text-align-left justificado has-medium-font-size\">Nuestra mentor\u00eda ministerial te equipar\u00e1 con las herramientas, el conocimiento y la inspiraci\u00f3n necesarios para liderar con sabidur\u00eda, pasi\u00f3n y efectividad en tu contexto ministerial.<\/p>\n\n\n\n<p class=\"has-text-align-left justificado has-medium-font-size\">Independientemente del tama\u00f1o o la ubicaci\u00f3n de tu ministerio, estamos aqu\u00ed para ayudarte a alcanzar nuevos niveles de efectividad e impacto en tu misi\u00f3n de difundir el amor y la verdad del Evangelio. \u00danete a nosotros en este viaje hacia un ministerio m\u00e1s fuerte, vibrante y relevante hoy mismo.<\/p>\n\n\n\n<p class=\"has-text-align-left justificado has-medium-font-size\">No esperes m\u00e1s para invertir en tu crecimiento y desarrollo como l\u00edder ministerial. \u00a1Estamos aqu\u00ed para caminar contigo en cada paso del camino hacia un ministerio m\u00e1s fruct\u00edfero y relevante para el Reino de Dios!<\/p>\n\n\n\n<div class=\"wp-block-uagb-image uagb-block-c3a7a7a1 wp-block-uagb-image--layout-default wp-block-uagb-image--effect-static wp-block-uagb-image--align-none\"><figure class=\"wp-block-uagb-image__figure\"><img decoding=\"async\" srcset=\"https:\/\/liubingquintero.com\/wp-content\/uploads\/2024\/04\/Mentoria-Especializada-1024x683.jpg ,https:\/\/liubingquintero.com\/wp-content\/uploads\/2024\/04\/Mentoria-Especializada-scaled.jpg 780w, https:\/\/liubingquintero.com\/wp-content\/uploads\/2024\/04\/Mentoria-Especializada-scaled.jpg 360w\" sizes=\"auto, (max-width: 480px) 150px\" src=\"https:\/\/liubingquintero.com\/wp-content\/uploads\/2024\/04\/Mentoria-Especializada-1024x683.jpg\" alt=\"Mentoria-Especializada\" class=\"uag-image-358\" width=\"7360\" height=\"4912\" title=\"Mentoria-Especializada\" loading=\"lazy\" role=\"img\"\/><\/figure><\/div>\n\n\n\n<div class=\"wp-block-uagb-buttons uagb-buttons__outer-wrap uagb-btn__default-btn uagb-btn-tablet__default-btn uagb-btn-mobile__default-btn uagb-block-42ba5db9\"><div class=\"uagb-buttons__wrap uagb-buttons-layout-wrap \">\n<div class=\"wp-block-uagb-buttons-child uagb-buttons__outer-wrap uagb-block-31d37379 wp-block-button\"><div class=\"uagb-button__wrapper\"><a class=\"uagb-buttons-repeater wp-block-button__link\" aria-label=\"\" href=\"https:\/\/liubingquintero.com\/index.php\/contacto\/\" rel=\"follow noopener\" target=\"_blank\" role=\"button\"><div class=\"uagb-button__link\">Solicitar Mentor\u00eda<\/div><\/a><\/div><\/div>\n<\/div><\/div>\n","protected":false},"excerpt":{"rendered":"<p>Mentor\u00eda Especializada Nuestro servicio de mentor\u00eda ministerial, est\u00e1 dise\u00f1ado para impulsar el ministerio pastoral y el liderazgo en general hacia [&hellip;]<\/p>\n","protected":false},"author":1,"featured_media":0,"parent":0,"menu_order":0,"comment_status":"closed","ping_status":"closed","template":"","meta":{"_uag_custom_page_level_css":"","site-sidebar-layout":"default","site-content-layout":"","ast-site-content-layout":"","site-content-style":"default","site-sidebar-style":"default","ast-global-header-display":"","ast-banner-title-visibility":"","ast-main-header-display":"","ast-hfb-above-header-display":"","ast-hfb-below-header-display":"","ast-hfb-mobile-header-display":"","site-post-title":"disabled","ast-breadcrumbs-content":"","ast-featured-img":"","footer-sml-layout":"","ast-disable-related-posts":"","theme-transparent-header-meta":"","adv-header-id-meta":"","stick-header-meta":"","header-above-stick-meta":"","header-main-stick-meta":"","header-below-stick-meta":"","astra-migrate-meta-layouts":"default","ast-page-background-enabled":"default","ast-page-background-meta":{"desktop":{"background-color":"var(--ast-global-color-4)","background-image":"","background-repeat":"repeat","background-position":"center center","background-size":"auto","background-attachment":"scroll","background-type":"","background-media":"","overlay-type":"","overlay-color":"","overlay-gradient":""},"tablet":{"background-color":"","background-image":"","background-repeat":"repeat","background-position":"center center","background-size":"auto","background-attachment":"scroll","background-type":"","background-media":"","overlay-type":"","overlay-color":"","overlay-gradient":""},"mobile":{"background-color":"","background-image":"","background-repeat":"repeat","background-position":"center center","background-size":"auto","background-attachment":"scroll","background-type":"","background-media":"","overlay-type":"","overlay-color":"","overlay-gradient":""}},"ast-content-background-meta":{"desktop":{"background-color":"var(--ast-global-color-5)","background-image":"","background-repeat":"repeat","background-position":"center center","background-size":"auto","background-attachment":"scroll","background-type":"","background-media":"","overlay-type":"","overlay-color":"","overlay-gradient":""},"tablet":{"background-color":"var(--ast-global-color-5)","background-image":"","background-repeat":"repeat","background-position":"center center","background-size":"auto","background-attachment":"scroll","background-type":"","background-media":"","overlay-type":"","overlay-color":"","overlay-gradient":""},"mobile":{"background-color":"var(--ast-global-color-5)","background-image":"","background-repeat":"repeat","background-position":"center center","background-size":"auto","background-attachment":"scroll","background-type":"","background-media":"","overlay-type":"","overlay-color":"","overlay-gradient":""}},"_joinchat":[],"footnotes":""},"class_list":["post-37","page","type-page","status-publish","hentry"],"uagb_featured_image_src":{"full":false,"thumbnail":false,"medium":false,"medium_large":false,"large":false,"1536x1536":false,"2048x2048":false},"uagb_author_info":{"display_name":"Ap.LiubingQuintero","author_link":"https:\/\/liubingquintero.com\/author\/ap-liubingquintero\/"},"uagb_comment_info":0,"uagb_excerpt":"Mentor\u00eda Especializada Nuestro servicio de mentor\u00eda ministerial, est\u00e1 dise\u00f1ado para impulsar el ministerio pastoral y el liderazgo en general hacia [&hellip;]","_links":{"self":[{"href":"https:\/\/liubingquintero.com\/index.php\/wp-json\/wp\/v2\/pages\/37","targetHints":{"allow":["GET"]}}],"collection":[{"href":"https:\/\/liubingquintero.com\/index.php\/wp-json\/wp\/v2\/pages"}],"about":[{"href":"https:\/\/liubingquintero.com\/index.php\/wp-json\/wp\/v2\/types\/page"}],"author":[{"embeddable":true,"href":"https:\/\/liubingquintero.com\/index.php\/wp-json\/wp\/v2\/users\/1"}],"replies":[{"embeddable":true,"href":"https:\/\/liubingquintero.com\/index.php\/wp-json\/wp\/v2\/comments?post=37"}],"version-history":[{"count":22,"href":"https:\/\/liubingquintero.com\/index.php\/wp-json\/wp\/v2\/pages\/37\/revisions"}],"predecessor-version":[{"id":882,"href":"https:\/\/liubingquintero.com\/index.php\/wp-json\/wp\/v2\/pages\/37\/revisions\/882"}],"wp:attachment":[{"href":"https:\/\/liubingquintero.com\/index.php\/wp-json\/wp\/v2\/media?parent=37"}],"curies":[{"name":"wp","href":"https:\/\/api.w.org\/{rel}","templated":true}]}}